{"id":20,"date":"2019-01-05T18:25:36","date_gmt":"2019-01-05T17:25:36","guid":{"rendered":"https:\/\/kilianschweer.de\/sk2\/?page_id=20"},"modified":"2025-08-20T20:48:15","modified_gmt":"2025-08-20T18:48:15","slug":"kontakt","status":"publish","type":"page","link":"https:\/\/kilianschweer.de\/sk2\/kontakt\/","title":{"rendered":"Kontakt"},"content":{"rendered":"\n<div class=\"wp-block-columns has-2-columns is-layout-flex wp-container-core-columns-is-layout-28f84493 wp-block-columns-is-layout-flex\">\n<div class=\"wp-block-column is-layout-flow wp-block-column-is-layout-flow\">\n<p class=\"has-medium-font-size\"><strong>Adresse<br><\/strong>Schreinerei Kresslein e.K.<br>Gutenbergstra\u00dfe 3<br>63755 Alzenau<\/p>\n\n\n\n<p class=\"has-medium-font-size\">Tel.:&nbsp;+49 6023 9489-60<br>Fax.:&nbsp;+49 6023 9489-89<br><a href=\"mailto:info@kresslein.de\">info@kresslein.de<\/a><\/p>\n\n\n\n<p class=\"has-medium-font-size\"><strong>\u00d6ffnungszeiten<\/strong><br>Montag bis Freitag: 8:00\u201312:00, 13:30\u201317:00 Uhr<br>Samstag und Sonntag: geschlossen<\/p>\n\n\n\n<div class=\"wp-block-stackable-columns stk-block-columns stk-block stk-110703f\" data-block-id=\"110703f\"><style>.stk-110703f {border-top-left-radius:8px !important;border-top-right-radius:8px !important;border-bottom-right-radius:8px !important;border-bottom-left-radius:8px !important;overflow:hidden !important;}<\/style><div class=\"stk-row stk-inner-blocks stk-block-content stk-content-align stk-110703f-column\">\n<div class=\"wp-block-stackable-column stk-block-column stk-column stk-block stk-d8a0930\" data-v=\"4\" data-block-id=\"d8a0930\"><div class=\"stk-column-wrapper stk-block-column__content stk-container stk-d8a0930-container stk--no-background stk--no-padding\"><div class=\"stk-block-content stk-inner-blocks stk-d8a0930-inner-blocks\">\n<div class=\"wp-block-group has-palette-color-8-background-color has-background is-layout-constrained wp-block-group-is-layout-constrained\" style=\"border-top-left-radius:40px;border-top-right-radius:0px;border-bottom-left-radius:40px;border-bottom-right-radius:40px\">\n<h2 class=\"wp-block-heading\">Besuchen Sie unsere gro\u00dfen Ausstellungsr\u00e4ume in Alzenau!<\/h2>\n<\/div>\n<\/div><\/div><\/div>\n<\/div><\/div>\n<\/div>\n\n\n\n<div class=\"wp-block-column is-layout-flow wp-block-column-is-layout-flow\">\n<iframe src=\"https:\/\/www.google.com\/maps\/embed?pb=!1m18!1m12!1m3!1d5119.327132380506!2d9.057136612618539!3d50.09258551294689!2m3!1f0!2f0!3f0!3m2!1i1024!2i768!4f13.1!3m3!1m2!1s0x47bd3c3de2d9a105%3A0x46896a7d7ea5f0ad!2sSchreinerei%20Kresslein%20e.K.!5e0!3m2!1sde!2sde!4v1741441389910!5m2!1sde!2sde\" width=\"600\" height=\"450\" style=\"border:0;\" allowfullscreen=\"\" loading=\"lazy\" referrerpolicy=\"no-referrer-when-downgrade\"><\/iframe>\n<\/div>\n<\/div>\n\n\n\n<div class=\"wp-block-stackable-columns stk-block-columns stk-block stk-ac4f1db\" data-block-id=\"ac4f1db\"><div class=\"stk-row stk-inner-blocks stk-block-content stk-content-align stk-ac4f1db-column\">\n<div class=\"wp-block-stackable-column stk-block-column stk-column stk-block stk-52a31ea\" data-v=\"4\" data-block-id=\"52a31ea\"><div class=\"stk-column-wrapper stk-block-column__content stk-container stk-52a31ea-container stk--no-background stk--no-padding\"><div class=\"stk-block-content stk-inner-blocks stk-52a31ea-inner-blocks\"><style>.kadence-form-20_7f6e03-9d .kb-form .kadence-blocks-form-field > label{font-family:-apple-system,BlinkMacSystemFont,\"Segoe UI\",Roboto,Oxygen-Sans,Ubuntu,Cantarell,\"Helvetica Neue\",sans-serif, \"Apple Color Emoji\", \"Segoe UI Emoji\", \"Segoe UI Symbol\";font-style:normal;font-weight:700;}.kadence-form-20_7f6e03-9d .kb-form .kadence-blocks-form-field .kb-forms-submit{color:var(--theme-palette-color-8, #ffffff);background:var(--theme-palette-color-2, #e31c22);}.kadence-form-20_7f6e03-9d .kb-form .kadence-blocks-form-field .kb-forms-submit:hover, .kadence-form-20_7f6e03-9d .kb-form .kadence-blocks-form-field .kb-forms-submit:focus {color:var(--theme-palette-color-8, #ffffff);background:var(--theme-palette-color-1, rgba(227, 27, 34, 0.69));}.kadence-form-20_7f6e03-9d .kb-form .kadence-blocks-form-field .kb-forms-submit{font-size:var(--global-kb-font-size-md, 1.25rem);}.kb-form input.kadence-blocks-field.verify{opacity:0.0;position:absolute;top:0.0;left:0.0;width:0.0;height:0.0;z-index:-1;}<\/style>\n<div class=\"wp-block-kadence-form kadence-form-20_7f6e03-9d kb-form-wrap\"><form class=\"kb-form\" action=\"\" method=\"post\"><div class=\"kadence-blocks-form-field kb-field-desk-width-100 kb-input-size-standard\"><label for=\"kb_field_20_7f6e03-9d_0\">Name<span class=\"required\">*<\/span><\/label><input name=\"kb_field_0\" id=\"kb_field_20_7f6e03-9d_0\" data-label=\"Name\" type=\"text\" placeholder=\"\" value=\"\" data-type=\"text\" class=\"kb-field kb-text-style-field kb-text-field kb-field-0\" data-required=\"yes\"\/><\/div><div class=\"kadence-blocks-form-field kb-form-field-1 kb-field-desk-width-100 kb-input-size-standard\"><label for=\"kb_field_20_7f6e03-9d_1\">E-Mail<span class=\"required\">*<\/span><\/label><input name=\"kb_field_1\" id=\"kb_field_20_7f6e03-9d_1\" data-label=\"E-Mail\" type=\"email\" placeholder=\"\" value=\"\" data-type=\"email\" class=\"kb-field kb-text-style-field kb-email-field kb-field-1\" data-required=\"yes\"\/><\/div><div class=\"kadence-blocks-form-field kb-form-field-2 kb-field-desk-width-100 kb-input-size-standard\"><label for=\"kb_field_20_7f6e03-9d_2\">Nachricht<span class=\"required\">*<\/span><\/label><textarea name=\"kb_field_2\" id=\"kb_field_20_7f6e03-9d_2\" data-label=\"Nachricht\" type=\"textarea\" placeholder=\"\" data-type=\"textarea\" class=\"kb-field kb-text-style-field kb-textarea-field kb-field-2\" rows=\"8\" data-required=\"yes\"><\/textarea><\/div><input type=\"hidden\" name=\"_kb_form_id\" value=\"20_7f6e03-9d\"\/><input type=\"hidden\" name=\"_kb_form_post_id\" value=\"20\"\/><input type=\"hidden\" name=\"action\" value=\"kb_process_ajax_submit\"\/><label class=\"kadence-verify-label\">Email<input class=\"kadence-blocks-field verify\" type=\"text\" name=\"_kb_verify_email\" autocomplete=\"new-password\" aria-hidden=\"true\" placeholder=\"Email\" tabindex=\"-1\" data-1p-ignore=\"true\" data-lpignore=\"true\" \/><\/label><div class=\"kadence-blocks-form-field kb-submit-field kb-field-desk-width-100\"><button class=\"kb-forms-submit button kb-button-size-standard kb-button-width-auto\">Senden<\/button><\/div><\/form><\/div>\n<noscript><div class=\"kadence-blocks-form-message kadence-blocks-form-warning\">Bitte aktiviere JavaScript in deinem Browser, um dieses Formular fertigzustellen.<\/div><style>.kadence-form-20_7f6e03-9d .kadence-blocks-form-field.kb-submit-field { display: none; }<\/style><\/noscript><\/div><\/div><\/div>\n\n\n\n<div class=\"wp-block-stackable-column stk-block-column stk-column stk-block stk-843cf76\" data-v=\"4\" data-block-id=\"843cf76\"><div class=\"stk-column-wrapper stk-block-column__content stk-container stk-843cf76-container stk--no-background stk--no-padding\"><div class=\"stk-block-content stk-inner-blocks stk-843cf76-inner-blocks\">\n<div class=\"wp-block-stackable-columns stk-block-columns stk-block stk-43ad853\" data-block-id=\"43ad853\"><div class=\"stk-row stk-inner-blocks stk-block-content stk-content-align stk-43ad853-column\">\n<div class=\"wp-block-stackable-column stk-block-column stk-column stk-block stk-1f8a7ec\" data-v=\"4\" data-block-id=\"1f8a7ec\"><style>.stk-1f8a7ec-container{margin-top:0px !important;margin-right:0px !important;margin-bottom:0px !important;margin-left:0px !important;}.stk-1f8a7ec {border-top-left-radius:50px !important;border-top-right-radius:50px !important;border-bottom-right-radius:50px !important;border-bottom-left-radius:0px !important;overflow:hidden !important;box-shadow:0px 0px 20px 0px #00000045 !important;}<\/style><div class=\"stk-column-wrapper stk-block-column__content stk-container stk-1f8a7ec-container stk--no-background stk--no-padding\"><div class=\"stk-block-content stk-inner-blocks stk-1f8a7ec-inner-blocks\">\n<p class=\"has-palette-color-2-color has-palette-color-8-background-color has-text-color has-background has-link-color wp-elements-4099db58b4f942c49722d03e7aea3b97\" style=\"margin-top:0;margin-bottom:0\"><strong>*  Pflichtfelder<\/strong><\/p>\n<\/div><\/div><\/div>\n\n\n\n<div class=\"wp-block-stackable-column stk-block-column stk-column stk-block stk-86bf7e2\" data-v=\"4\" data-block-id=\"86bf7e2\"><div class=\"stk-column-wrapper stk-block-column__content stk-container stk-86bf7e2-container stk--no-background stk--no-padding\"><div class=\"stk-block-content stk-inner-blocks stk-86bf7e2-inner-blocks\"><\/div><\/div><\/div>\n<\/div><\/div>\n\n\n\n<div class=\"wp-block-stackable-image stk-block-image stk-block stk-6539a4d\" data-block-id=\"6539a4d\"><style>.stk-6539a4d {border-top-left-radius:0px !important;border-top-right-radius:0px !important;border-bottom-right-radius:0px !important;border-bottom-left-radius:0px !important;overflow:hidden !important;box-shadow:0px 2px 20px #99999933 !important;border-style:solid !important;border-color:var(--theme-palette-color-8, #ffffff) !important;border-top-width:5px !important;border-right-width:5px !important;border-bottom-width:5px !important;border-left-width:5px !important;}.stk-6539a4d .stk-img-wrapper img{border-radius:0px !important;}<\/style><figure><span class=\"stk-img-wrapper stk-image--shape-stretch\"><img loading=\"lazy\" decoding=\"async\" class=\"stk-img wp-image-279\" src=\"https:\/\/kilianschweer.de\/sk2\/wp-content\/uploads\/2019\/02\/header.jpg\" width=\"2000\" height=\"1200\" alt=\"Schreinerei Kresslein\" srcset=\"https:\/\/kilianschweer.de\/sk2\/wp-content\/uploads\/2019\/02\/header.jpg 2000w, https:\/\/kilianschweer.de\/sk2\/wp-content\/uploads\/2019\/02\/header-300x180.jpg 300w, https:\/\/kilianschweer.de\/sk2\/wp-content\/uploads\/2019\/02\/header-768x461.jpg 768w, https:\/\/kilianschweer.de\/sk2\/wp-content\/uploads\/2019\/02\/header-1024x614.jpg 1024w\" sizes=\"auto, (max-width: 2000px) 100vw, 2000px\" \/><\/span><\/figure><\/div>\n<\/div><\/div><\/div>\n<\/div><\/div>\n","protected":false},"excerpt":{"rendered":"<p>AdresseSchreinerei Kresslein e.K.Gutenbergstra\u00dfe 363755 Alzenau Tel.:&nbsp;+49 6023 9489-60Fax.:&nbsp;+49 6023 9489-89info@kresslein.de \u00d6ffnungszeitenMontag bis Freitag: 8:00\u201312:00, 13:30\u201317:00 UhrSamstag und Sonntag: geschlossen Besuchen Sie unsere gro\u00dfen Ausstellungsr\u00e4ume in Alzenau! * Pflichtfelder<\/p>\n","protected":false},"author":2,"featured_media":0,"parent":0,"menu_order":0,"comment_status":"closed","ping_status":"closed","template":"","meta":{"footnotes":""},"class_list":["post-20","page","type-page","status-publish","hentry"],"blocksy_meta":[],"yoast_head":"<!-- This site is optimized with the Yoast SEO plugin v27.5 - https:\/\/yoast.com\/product\/yoast-seo-wordpress\/ -->\n<title>Kontakt - Schreinerei Kresslein<\/title>\n<meta name=\"robots\" content=\"noindex, follow, max-snippet:-1, max-image-preview:large, max-video-preview:-1\" \/>\n<meta property=\"og:locale\" content=\"de_DE\" \/>\n<meta property=\"og:type\" content=\"article\" \/>\n<meta property=\"og:title\" content=\"Kontakt - Schreinerei Kresslein\" \/>\n<meta property=\"og:description\" content=\"AdresseSchreinerei Kresslein e.K.Gutenbergstra\u00dfe 363755 Alzenau Tel.:&nbsp;+49 6023 9489-60Fax.:&nbsp;+49 6023 9489-89info@kresslein.de \u00d6ffnungszeitenMontag bis Freitag: 8:00\u201312:00, 13:30\u201317:00 UhrSamstag und Sonntag: geschlossen Besuchen Sie unsere gro\u00dfen Ausstellungsr\u00e4ume in Alzenau! * Pflichtfelder\" \/>\n<meta property=\"og:url\" content=\"https:\/\/kilianschweer.de\/sk2\/kontakt\/\" \/>\n<meta property=\"og:site_name\" content=\"Schreinerei Kresslein\" \/>\n<meta property=\"article:publisher\" content=\"https:\/\/www.facebook.com\/p\/Schreinerei-Kresslein\" \/>\n<meta property=\"article:modified_time\" content=\"2025-08-20T18:48:15+00:00\" \/>\n<meta property=\"og:image\" content=\"https:\/\/kilianschweer.de\/sk2\/wp-content\/uploads\/2019\/02\/header.jpg\" \/>\n\t<meta property=\"og:image:width\" content=\"2000\" \/>\n\t<meta property=\"og:image:height\" content=\"1200\" \/>\n\t<meta property=\"og:image:type\" content=\"image\/jpeg\" \/>\n<meta name=\"twitter:card\" content=\"summary_large_image\" \/>\n<meta name=\"twitter:label1\" content=\"Gesch\u00e4tzte Lesezeit\" \/>\n\t<meta name=\"twitter:data1\" content=\"1\u00a0Minute\" \/>\n<script type=\"application\/ld+json\" class=\"yoast-schema-graph\">{\"@context\":\"https:\\\/\\\/schema.org\",\"@graph\":[{\"@type\":\"WebPage\",\"@id\":\"https:\\\/\\\/kilianschweer.de\\\/sk2\\\/kontakt\\\/\",\"url\":\"https:\\\/\\\/kilianschweer.de\\\/sk2\\\/kontakt\\\/\",\"name\":\"Kontakt - Schreinerei Kresslein\",\"isPartOf\":{\"@id\":\"https:\\\/\\\/kilianschweer.de\\\/sk2\\\/#website\"},\"primaryImageOfPage\":{\"@id\":\"https:\\\/\\\/kilianschweer.de\\\/sk2\\\/kontakt\\\/#primaryimage\"},\"image\":{\"@id\":\"https:\\\/\\\/kilianschweer.de\\\/sk2\\\/kontakt\\\/#primaryimage\"},\"thumbnailUrl\":\"https:\\\/\\\/kilianschweer.de\\\/sk2\\\/wp-content\\\/uploads\\\/2019\\\/02\\\/header.jpg\",\"datePublished\":\"2019-01-05T17:25:36+00:00\",\"dateModified\":\"2025-08-20T18:48:15+00:00\",\"breadcrumb\":{\"@id\":\"https:\\\/\\\/kilianschweer.de\\\/sk2\\\/kontakt\\\/#breadcrumb\"},\"inLanguage\":\"de\",\"potentialAction\":[{\"@type\":\"ReadAction\",\"target\":[\"https:\\\/\\\/kilianschweer.de\\\/sk2\\\/kontakt\\\/\"]}]},{\"@type\":\"ImageObject\",\"inLanguage\":\"de\",\"@id\":\"https:\\\/\\\/kilianschweer.de\\\/sk2\\\/kontakt\\\/#primaryimage\",\"url\":\"https:\\\/\\\/kilianschweer.de\\\/sk2\\\/wp-content\\\/uploads\\\/2019\\\/02\\\/header.jpg\",\"contentUrl\":\"https:\\\/\\\/kilianschweer.de\\\/sk2\\\/wp-content\\\/uploads\\\/2019\\\/02\\\/header.jpg\",\"width\":2000,\"height\":1200,\"caption\":\"Schreinerei Kresslein\"},{\"@type\":\"BreadcrumbList\",\"@id\":\"https:\\\/\\\/kilianschweer.de\\\/sk2\\\/kontakt\\\/#breadcrumb\",\"itemListElement\":[{\"@type\":\"ListItem\",\"position\":1,\"name\":\"Startseite\",\"item\":\"https:\\\/\\\/kilianschweer.de\\\/sk2\\\/\"},{\"@type\":\"ListItem\",\"position\":2,\"name\":\"Kontakt\"}]},{\"@type\":\"WebSite\",\"@id\":\"https:\\\/\\\/kilianschweer.de\\\/sk2\\\/#website\",\"url\":\"https:\\\/\\\/kilianschweer.de\\\/sk2\\\/\",\"name\":\"Schreinerei Kresslein\",\"description\":\"Haust\u00fcren, Zimmert\u00fcren, Einbaum\u00f6bel, Innenausbau, Boden und Decke\",\"publisher\":{\"@id\":\"https:\\\/\\\/kilianschweer.de\\\/sk2\\\/#organization\"},\"potentialAction\":[{\"@type\":\"SearchAction\",\"target\":{\"@type\":\"EntryPoint\",\"urlTemplate\":\"https:\\\/\\\/kilianschweer.de\\\/sk2\\\/?s={search_term_string}\"},\"query-input\":{\"@type\":\"PropertyValueSpecification\",\"valueRequired\":true,\"valueName\":\"search_term_string\"}}],\"inLanguage\":\"de\"},{\"@type\":\"Organization\",\"@id\":\"https:\\\/\\\/kilianschweer.de\\\/sk2\\\/#organization\",\"name\":\"Schreinerei Kresslein\",\"url\":\"https:\\\/\\\/kilianschweer.de\\\/sk2\\\/\",\"logo\":{\"@type\":\"ImageObject\",\"inLanguage\":\"de\",\"@id\":\"https:\\\/\\\/kilianschweer.de\\\/sk2\\\/#\\\/schema\\\/logo\\\/image\\\/\",\"url\":\"https:\\\/\\\/kilianschweer.de\\\/sk2\\\/wp-content\\\/uploads\\\/2019\\\/02\\\/schreinerei_kresslein_logo.png\",\"contentUrl\":\"https:\\\/\\\/kilianschweer.de\\\/sk2\\\/wp-content\\\/uploads\\\/2019\\\/02\\\/schreinerei_kresslein_logo.png\",\"width\":2000,\"height\":804,\"caption\":\"Schreinerei Kresslein\"},\"image\":{\"@id\":\"https:\\\/\\\/kilianschweer.de\\\/sk2\\\/#\\\/schema\\\/logo\\\/image\\\/\"},\"sameAs\":[\"https:\\\/\\\/www.facebook.com\\\/p\\\/Schreinerei-Kresslein\"]}]}<\/script>\n<!-- \/ Yoast SEO plugin. -->","yoast_head_json":{"title":"Kontakt - Schreinerei Kresslein","robots":{"index":"noindex","follow":"follow","max-snippet":"max-snippet:-1","max-image-preview":"max-image-preview:large","max-video-preview":"max-video-preview:-1"},"og_locale":"de_DE","og_type":"article","og_title":"Kontakt - Schreinerei Kresslein","og_description":"AdresseSchreinerei Kresslein e.K.Gutenbergstra\u00dfe 363755 Alzenau Tel.:&nbsp;+49 6023 9489-60Fax.:&nbsp;+49 6023 9489-89info@kresslein.de \u00d6ffnungszeitenMontag bis Freitag: 8:00\u201312:00, 13:30\u201317:00 UhrSamstag und Sonntag: geschlossen Besuchen Sie unsere gro\u00dfen Ausstellungsr\u00e4ume in Alzenau! * Pflichtfelder","og_url":"https:\/\/kilianschweer.de\/sk2\/kontakt\/","og_site_name":"Schreinerei Kresslein","article_publisher":"https:\/\/www.facebook.com\/p\/Schreinerei-Kresslein","article_modified_time":"2025-08-20T18:48:15+00:00","og_image":[{"width":2000,"height":1200,"url":"https:\/\/kilianschweer.de\/sk2\/wp-content\/uploads\/2019\/02\/header.jpg","type":"image\/jpeg"}],"twitter_card":"summary_large_image","twitter_misc":{"Gesch\u00e4tzte Lesezeit":"1\u00a0Minute"},"schema":{"@context":"https:\/\/schema.org","@graph":[{"@type":"WebPage","@id":"https:\/\/kilianschweer.de\/sk2\/kontakt\/","url":"https:\/\/kilianschweer.de\/sk2\/kontakt\/","name":"Kontakt - Schreinerei Kresslein","isPartOf":{"@id":"https:\/\/kilianschweer.de\/sk2\/#website"},"primaryImageOfPage":{"@id":"https:\/\/kilianschweer.de\/sk2\/kontakt\/#primaryimage"},"image":{"@id":"https:\/\/kilianschweer.de\/sk2\/kontakt\/#primaryimage"},"thumbnailUrl":"https:\/\/kilianschweer.de\/sk2\/wp-content\/uploads\/2019\/02\/header.jpg","datePublished":"2019-01-05T17:25:36+00:00","dateModified":"2025-08-20T18:48:15+00:00","breadcrumb":{"@id":"https:\/\/kilianschweer.de\/sk2\/kontakt\/#breadcrumb"},"inLanguage":"de","potentialAction":[{"@type":"ReadAction","target":["https:\/\/kilianschweer.de\/sk2\/kontakt\/"]}]},{"@type":"ImageObject","inLanguage":"de","@id":"https:\/\/kilianschweer.de\/sk2\/kontakt\/#primaryimage","url":"https:\/\/kilianschweer.de\/sk2\/wp-content\/uploads\/2019\/02\/header.jpg","contentUrl":"https:\/\/kilianschweer.de\/sk2\/wp-content\/uploads\/2019\/02\/header.jpg","width":2000,"height":1200,"caption":"Schreinerei Kresslein"},{"@type":"BreadcrumbList","@id":"https:\/\/kilianschweer.de\/sk2\/kontakt\/#breadcrumb","itemListElement":[{"@type":"ListItem","position":1,"name":"Startseite","item":"https:\/\/kilianschweer.de\/sk2\/"},{"@type":"ListItem","position":2,"name":"Kontakt"}]},{"@type":"WebSite","@id":"https:\/\/kilianschweer.de\/sk2\/#website","url":"https:\/\/kilianschweer.de\/sk2\/","name":"Schreinerei Kresslein","description":"Haust\u00fcren, Zimmert\u00fcren, Einbaum\u00f6bel, Innenausbau, Boden und Decke","publisher":{"@id":"https:\/\/kilianschweer.de\/sk2\/#organization"},"potentialAction":[{"@type":"SearchAction","target":{"@type":"EntryPoint","urlTemplate":"https:\/\/kilianschweer.de\/sk2\/?s={search_term_string}"},"query-input":{"@type":"PropertyValueSpecification","valueRequired":true,"valueName":"search_term_string"}}],"inLanguage":"de"},{"@type":"Organization","@id":"https:\/\/kilianschweer.de\/sk2\/#organization","name":"Schreinerei Kresslein","url":"https:\/\/kilianschweer.de\/sk2\/","logo":{"@type":"ImageObject","inLanguage":"de","@id":"https:\/\/kilianschweer.de\/sk2\/#\/schema\/logo\/image\/","url":"https:\/\/kilianschweer.de\/sk2\/wp-content\/uploads\/2019\/02\/schreinerei_kresslein_logo.png","contentUrl":"https:\/\/kilianschweer.de\/sk2\/wp-content\/uploads\/2019\/02\/schreinerei_kresslein_logo.png","width":2000,"height":804,"caption":"Schreinerei Kresslein"},"image":{"@id":"https:\/\/kilianschweer.de\/sk2\/#\/schema\/logo\/image\/"},"sameAs":["https:\/\/www.facebook.com\/p\/Schreinerei-Kresslein"]}]}},"_links":{"self":[{"href":"https:\/\/kilianschweer.de\/sk2\/wp-json\/wp\/v2\/pages\/20","targetHints":{"allow":["GET"]}}],"collection":[{"href":"https:\/\/kilianschweer.de\/sk2\/wp-json\/wp\/v2\/pages"}],"about":[{"href":"https:\/\/kilianschweer.de\/sk2\/wp-json\/wp\/v2\/types\/page"}],"author":[{"embeddable":true,"href":"https:\/\/kilianschweer.de\/sk2\/wp-json\/wp\/v2\/users\/2"}],"replies":[{"embeddable":true,"href":"https:\/\/kilianschweer.de\/sk2\/wp-json\/wp\/v2\/comments?post=20"}],"version-history":[{"count":30,"href":"https:\/\/kilianschweer.de\/sk2\/wp-json\/wp\/v2\/pages\/20\/revisions"}],"predecessor-version":[{"id":1308,"href":"https:\/\/kilianschweer.de\/sk2\/wp-json\/wp\/v2\/pages\/20\/revisions\/1308"}],"wp:attachment":[{"href":"https:\/\/kilianschweer.de\/sk2\/wp-json\/wp\/v2\/media?parent=20"}],"curies":[{"name":"wp","href":"https:\/\/api.w.org\/{rel}","templated":true}]}}